
{"id":160,"date":"2025-05-29T09:36:21","date_gmt":"2025-05-29T09:36:21","guid":{"rendered":""},"modified":"2026-02-20T14:43:23","modified_gmt":"2026-02-20T17:43:23","slug":"plano-destaque-comercial","status":"publish","type":"product","link":"https:\/\/www.rede102.com.br\/materiais\/index.php\/produto\/plano-destaque-comercial\/","title":{"rendered":"Plano Destaque Comercial"},"content":{"rendered":"<p data-start=\"691\" data-end=\"698\">Inclui:<\/p>\n<ul data-start=\"699\" data-end=\"838\">\n<li data-start=\"699\" data-end=\"725\">\n<p data-start=\"701\" data-end=\"725\">Tudo do plano anterior<\/p>\n<\/li>\n<li data-start=\"726\" data-end=\"756\">\n<p data-start=\"728\" data-end=\"756\">Destaque no Guia Comercial<\/p>\n<\/li>\n<li data-start=\"757\" data-end=\"795\">\n<p data-start=\"759\" data-end=\"795\">Configura\u00e7\u00e3o do Google Meu Neg\u00f3cio<\/p>\n<\/li>\n<li data-start=\"796\" data-end=\"816\">\n<p data-start=\"798\" data-end=\"816\">SEO local b\u00e1sico<\/p>\n<\/li>\n<li data-start=\"817\" data-end=\"838\">\n<p data-start=\"819\" data-end=\"838\">Consultoria inicial<\/p>\n<\/li>\n<\/ul>\n","protected":false},"excerpt":{"rendered":"<p>Inclui: Tudo do plano anterior Destaque no Guia Comercial Configura\u00e7\u00e3o do Google Meu Neg\u00f3cio SEO local b\u00e1sico Consultoria inicial<\/p>\n","protected":false},"featured_media":243,"template":"","meta":[],"product_brand":[],"product_cat":[246],"product_tag":[],"class_list":{"0":"post-160","1":"product","2":"type-product","3":"status-publish","4":"has-post-thumbnail","6":"product_cat-planos-e-destaques","8":"first","9":"instock","10":"shipping-taxable","11":"purchasable","12":"product-type-simple"},"_links":{"self":[{"href":"https:\/\/www.rede102.com.br\/materiais\/index.php\/wp-json\/wp\/v2\/product\/160","targetHints":{"allow":["GET"]}}],"collection":[{"href":"https:\/\/www.rede102.com.br\/materiais\/index.php\/wp-json\/wp\/v2\/product"}],"about":[{"href":"https:\/\/www.rede102.com.br\/materiais\/index.php\/wp-json\/wp\/v2\/types\/product"}],"wp:featuredmedia":[{"embeddable":true,"href":"https:\/\/www.rede102.com.br\/materiais\/index.php\/wp-json\/wp\/v2\/media\/243"}],"wp:attachment":[{"href":"https:\/\/www.rede102.com.br\/materiais\/index.php\/wp-json\/wp\/v2\/media?parent=160"}],"wp:term":[{"taxonomy":"product_brand","embeddable":true,"href":"https:\/\/www.rede102.com.br\/materiais\/index.php\/wp-json\/wp\/v2\/product_brand?post=160"},{"taxonomy":"product_cat","embeddable":true,"href":"https:\/\/www.rede102.com.br\/materiais\/index.php\/wp-json\/wp\/v2\/product_cat?post=160"},{"taxonomy":"product_tag","embeddable":true,"href":"https:\/\/www.rede102.com.br\/materiais\/index.php\/wp-json\/wp\/v2\/product_tag?post=160"}],"curies":[{"name":"wp","href":"https:\/\/api.w.org\/{rel}","templated":true}]}}