
{"id":159,"date":"2025-05-29T09:36:21","date_gmt":"2025-05-29T09:36:21","guid":{"rendered":""},"modified":"2026-02-20T14:15:23","modified_gmt":"2026-02-20T17:15:23","slug":"criacao-ou-reformulacao-de-sites","status":"publish","type":"product","link":"https:\/\/www.rede102.com.br\/materiais\/index.php\/produto\/criacao-ou-reformulacao-de-sites\/","title":{"rendered":"Cria\u00e7\u00e3o ou reformula\u00e7\u00e3o de sites"},"content":{"rendered":"<p>Simples, responsivo, com WhatsApp direto<\/p>\n","protected":false},"excerpt":{"rendered":"<p>Simples, responsivo, com WhatsApp direto<\/p>\n","protected":false},"featured_media":237,"template":"","meta":[],"product_brand":[],"product_cat":[243],"product_tag":[],"class_list":{"0":"post-159","1":"product","2":"type-product","3":"status-publish","4":"has-post-thumbnail","6":"product_cat-servicos-tecnicos-digitais","8":"first","9":"instock","10":"shipping-taxable","11":"purchasable","12":"product-type-simple"},"_links":{"self":[{"href":"https:\/\/www.rede102.com.br\/materiais\/index.php\/wp-json\/wp\/v2\/product\/159","targetHints":{"allow":["GET"]}}],"collection":[{"href":"https:\/\/www.rede102.com.br\/materiais\/index.php\/wp-json\/wp\/v2\/product"}],"about":[{"href":"https:\/\/www.rede102.com.br\/materiais\/index.php\/wp-json\/wp\/v2\/types\/product"}],"wp:featuredmedia":[{"embeddable":true,"href":"https:\/\/www.rede102.com.br\/materiais\/index.php\/wp-json\/wp\/v2\/media\/237"}],"wp:attachment":[{"href":"https:\/\/www.rede102.com.br\/materiais\/index.php\/wp-json\/wp\/v2\/media?parent=159"}],"wp:term":[{"taxonomy":"product_brand","embeddable":true,"href":"https:\/\/www.rede102.com.br\/materiais\/index.php\/wp-json\/wp\/v2\/product_brand?post=159"},{"taxonomy":"product_cat","embeddable":true,"href":"https:\/\/www.rede102.com.br\/materiais\/index.php\/wp-json\/wp\/v2\/product_cat?post=159"},{"taxonomy":"product_tag","embeddable":true,"href":"https:\/\/www.rede102.com.br\/materiais\/index.php\/wp-json\/wp\/v2\/product_tag?post=159"}],"curies":[{"name":"wp","href":"https:\/\/api.w.org\/{rel}","templated":true}]}}